{"id":8,"date":"2025-09-29T08:09:13","date_gmt":"2025-09-29T11:09:13","guid":{"rendered":"https:\/\/toss.studio\/ai-ready\/?page_id=8"},"modified":"2025-10-15T09:10:35","modified_gmt":"2025-10-15T12:10:35","slug":"docs","status":"publish","type":"page","link":"https:\/\/toss.studio\/ai-ready\/","title":{"rendered":"Docs"},"content":{"rendered":"\n<h1 class=\"wp-block-heading\">Documenta\u00e7\u00e3o WordPress AI-Ready<\/h1>\n\n\n\n<ul class=\"wp-block-list\">\n<li>Introdu\u00e7\u00e3o\n<ul class=\"wp-block-list\">\n<li><a href=\"https:\/\/toss.studio\/ai-ready\/a-nova-era-do-wordpress-ai%e2%80%91ready\/\" data-type=\"post\" data-id=\"35\">A Nova Era do WordPress AI\u2011Ready<\/a><\/li>\n<\/ul>\n<\/li>\n\n\n\n<li>Fundamentos\n<ul class=\"wp-block-list\">\n<li><a href=\"https:\/\/toss.studio\/ai-ready\/aeo-answer-engine-optimization\/\">AEO (Answer Engine Optimization)<\/a><\/li>\n\n\n\n<li>GEO<\/li>\n\n\n\n<li>SGE<\/li>\n\n\n\n<li>NLP<\/li>\n<\/ul>\n<\/li>\n\n\n\n<li>T\u00e9cnica\n<ul class=\"wp-block-list\">\n<li>Core Web Vitals<\/li>\n\n\n\n<li>Schema JSON-LD<\/li>\n\n\n\n<li>Performance<\/li>\n\n\n\n<li>Infraestrutura<\/li>\n<\/ul>\n<\/li>\n\n\n\n<li>Conte\u00fado\n<ul class=\"wp-block-list\">\n<li>Topic Clusters<\/li>\n\n\n\n<li>Copy AI-Friendly<\/li>\n\n\n\n<li>Perguntas e Respostas<\/li>\n<\/ul>\n<\/li>\n\n\n\n<li>Integra\u00e7\u00f5es\n<ul class=\"wp-block-list\">\n<li>Chatbots<\/li>\n\n\n\n<li>Automa\u00e7\u00f5es<\/li>\n\n\n\n<li>API-OpenAI<\/li>\n<\/ul>\n<\/li>\n\n\n\n<li>Estrat\u00e9gia\n<ul class=\"wp-block-list\">\n<li>Branding Semantic<\/li>\n\n\n\n<li>UX Conversacional<\/li>\n\n\n\n<li>Design AI-Ready<\/li>\n<\/ul>\n<\/li>\n\n\n\n<li>Aplica\u00e7\u00f5es\n<ul class=\"wp-block-list\">\n<li>WordPress AI-Ready<\/li>\n\n\n\n<li>Exemplos<\/li>\n\n\n\n<li>Templates<\/li>\n<\/ul>\n<\/li>\n<\/ul>\n\n\n\n<div style=\"height:150px\" aria-hidden=\"true\" class=\"wp-block-spacer is-style-wide\"><\/div>\n\n\n\n<h4 class=\"wp-block-heading\">Guia oficial da&nbsp;<a href=\"https:\/\/toss.studio\/\">TOSS STUDIO<\/a>&nbsp;sobre WordPress AI-Ready. Documenta\u00e7\u00e3o completa com fundamentos de AEO, GEO, SGE, SEO t\u00e9cnico, dados estruturados, performance e integra\u00e7\u00f5es de intelig\u00eancia artificial para criar sites preparados para o futuro digital.<\/h4>\n","protected":false},"excerpt":{"rendered":"<p>Documenta\u00e7\u00e3o WordPress AI-Ready Guia oficial da&nbsp;TOSS STUDIO&nbsp;sobre WordPress AI-Ready. Documenta\u00e7\u00e3o completa com fundamentos de AEO, GEO, SGE, SEO t\u00e9cnico, dados estruturados, performance e integra\u00e7\u00f5es de intelig\u00eancia artificial para criar sites preparados para o futuro digital.<\/p>\n","protected":false},"author":1,"featured_media":0,"parent":0,"menu_order":0,"comment_status":"closed","ping_status":"closed","template":"","meta":{"footnotes":""},"class_list":["post-8","page","type-page","status-publish","hentry"],"_links":{"self":[{"href":"https:\/\/toss.studio\/ai-ready\/wp-json\/wp\/v2\/pages\/8","targetHints":{"allow":["GET"]}}],"collection":[{"href":"https:\/\/toss.studio\/ai-ready\/wp-json\/wp\/v2\/pages"}],"about":[{"href":"https:\/\/toss.studio\/ai-ready\/wp-json\/wp\/v2\/types\/page"}],"author":[{"embeddable":true,"href":"https:\/\/toss.studio\/ai-ready\/wp-json\/wp\/v2\/users\/1"}],"replies":[{"embeddable":true,"href":"https:\/\/toss.studio\/ai-ready\/wp-json\/wp\/v2\/comments?post=8"}],"version-history":[{"count":4,"href":"https:\/\/toss.studio\/ai-ready\/wp-json\/wp\/v2\/pages\/8\/revisions"}],"predecessor-version":[{"id":48,"href":"https:\/\/toss.studio\/ai-ready\/wp-json\/wp\/v2\/pages\/8\/revisions\/48"}],"wp:attachment":[{"href":"https:\/\/toss.studio\/ai-ready\/wp-json\/wp\/v2\/media?parent=8"}],"curies":[{"name":"wp","href":"https:\/\/api.w.org\/{rel}","templated":true}]}}